{"id":78,"date":"2026-03-31T22:54:06","date_gmt":"2026-03-31T20:54:06","guid":{"rendered":"https:\/\/lafabricadeltint.media\/?page_id=78"},"modified":"2026-03-31T22:54:24","modified_gmt":"2026-03-31T20:54:24","slug":"accesibilidad","status":"publish","type":"page","link":"https:\/\/lafabricadeltint.media\/es\/accesibilidad\/","title":{"rendered":"Declaraci\u00f3n de accesibilidad"},"content":{"rendered":"<section class=\"l-section wpb_row height_large\"><div class=\"l-section-h i-cf\"><div class=\"g-cols vc_row via_flex valign_top type_default stacking_default\"><div class=\"vc_col-sm-12 wpb_column vc_column_container\"><div class=\"vc_column-inner\"><div class=\"wpb_wrapper\"><div class=\"wpb_text_column\"><div class=\"wpb_wrapper\"><h2>Declaraci\u00f3 d\u2019accessibilitat<\/h2>\n<p>La present declaraci\u00f3 d\u2019accessibilitat s\u2019aplica al lloc web de La F\u00e0brica del Tint S.L.<\/p>\n<h3>Situaci\u00f3 de compliment<\/h3>\n<p>Aquest lloc web \u00e9s parcialment conforme amb el RD 1112\/2018 a causa de les excepcions i la manca de conformitat dels aspectes que s\u2019indiquen a continuaci\u00f3.<\/p>\n<h3>Contingut no accessible<\/h3>\n<p>El contingut que es detalla a continuaci\u00f3 no \u00e9s accessible pels motius seg\u00fcents:<\/p>\n<p><strong>Falta de conformitat amb el RD 1112\/2018<\/strong><\/p>\n<ul>\n<li>Podrien existir alguns aspectes de contrast que no complisquen els m\u00ednims exigits (3:1) respecte als colors adjacents del fons d\u2019algunes seccions de la web. [9.1.4.11 Contrast no textual]<\/li>\n<li>Podrien existir algunes etiquetes o instruccions que no estiguen correctament definides. [9.3.3.2 Etiquetes o instruccions]<\/li>\n<li>Podria no existir algun mecanisme per revisar, confirmar i corregir la informaci\u00f3 abans de finalitzar l\u2019enviament de dades. [9.3.3.4 Etiquetes o instruccions]<\/li>\n<li>Podrien existir errors puntuals d\u2019edici\u00f3 en alguna p\u00e0gina web<\/li>\n<\/ul>\n<p><strong>C\u00e0rrega desproporcionada<\/strong><\/p>\n<p>No aplica.<\/p>\n<h3>Preparaci\u00f3 de la declaraci\u00f3 d\u2019accessibilitat<\/h3>\n<p>La present declaraci\u00f3 va ser preparada el 31 de mar\u00e7 de 2026.<\/p>\n<p>El m\u00e8tode utilitzat per preparar-la ha sigut una autoavaluaci\u00f3 realitzada per la pr\u00f2pia empresa.<\/p>\n<h3>Observacions i dades de contacte<\/h3>\n<p>Podeu realitzar comunicacions sobre requisits d\u2019accessibilitat (article 10.2.a del RD 1112\/2018), com per exemple:<\/p>\n<ul>\n<li>Informar sobre qualsevol possible incompliment d\u2019aquest lloc web<\/li>\n<li>Comunicar altres dificultats d\u2019acc\u00e9s al contingut<\/li>\n<li>Formular qualsevol consulta o suggeriment de millora relativa a l\u2019accessibilitat<\/li>\n<\/ul>\n<p>A trav\u00e9s del correu electr\u00f2nic: <strong>lafabricadeltint@gmail.com<\/strong><\/p>\n<p>Tamb\u00e9 podeu presentar:<\/p>\n<ul>\n<li>Una queixa relativa al compliment dels requisits del RD 1112\/2018<\/li>\n<li>Una sol\u00b7licitud d\u2019informaci\u00f3 accessible relativa a:\n<ul>\n<li>Continguts exclosos de l\u2019\u00e0mbit d\u2019aplicaci\u00f3 del RD 1112\/2018 segons l\u2019article 3.4<\/li>\n<li>Continguts exempts per c\u00e0rrega desproporcionada<\/li>\n<\/ul>\n<\/li>\n<\/ul>\n<p>En la sol\u00b7licitud d\u2019informaci\u00f3 accessible, cal especificar amb claredat els fets, les raons i la petici\u00f3 per tal de considerar-la una sol\u00b7licitud raonable i leg\u00edtima.<\/p>\n<p>Les queixes i reclamacions es tramitaran a trav\u00e9s del correu electr\u00f2nic indicat anteriorment.<\/p>\n<h3>Procediment d\u2019aplicaci\u00f3<\/h3>\n<p>Si una vegada realitzada una sol\u00b7licitud d\u2019informaci\u00f3 accessible o una queixa aquesta fora desestimada, no s\u2019estiguera d\u2019acord amb la decisi\u00f3 adoptada o la resposta no complira els requisits establerts a l\u2019article 12.5, la persona interessada podr\u00e0 iniciar una reclamaci\u00f3.<\/p>\n<p>Igualment, es podr\u00e0 iniciar una reclamaci\u00f3 si han transcorregut vint dies h\u00e0bils sense haver obtingut resposta.<\/p>\n<\/div><\/div><\/div><\/div><\/div><\/div><\/div><\/section>\n","protected":false},"excerpt":{"rendered":"Declaraci\u00f3 d\u2019accessibilitat La present declaraci\u00f3 d\u2019accessibilitat s\u2019aplica al lloc web de La F\u00e0brica del Tint S.L. Situaci\u00f3 de compliment Aquest lloc web \u00e9s parcialment conforme amb el RD 1112\/2018 a causa de les excepcions i la manca de conformitat dels aspectes que s\u2019indiquen a continuaci\u00f3. Contingut no accessible El contingut que es detalla a continuaci\u00f3...","protected":false},"author":1,"featured_media":0,"parent":0,"menu_order":0,"comment_status":"closed","ping_status":"closed","template":"","meta":{"footnotes":""},"class_list":["post-78","page","type-page","status-publish","hentry"],"yoast_head":"<!-- This site is optimized with the Yoast SEO plugin v27.3 - https:\/\/yoast.com\/product\/yoast-seo-wordpress\/ -->\n<title>La F\u00e1brica Del Tint | Declaraci\u00f3 d&#039;accessibilitat<\/title>\n<meta name=\"robots\" content=\"index, follow, max-snippet:-1, max-image-preview:large, max-video-preview:-1\" \/>\n<link rel=\"canonical\" href=\"https:\/\/lafabricadeltint.media\/es\/accesibilidad\/\" \/>\n<meta property=\"og:locale\" content=\"es_ES\" \/>\n<meta property=\"og:type\" content=\"article\" \/>\n<meta property=\"og:title\" content=\"La F\u00e1brica Del Tint | Declaraci\u00f3 d&#039;accessibilitat\" \/>\n<meta property=\"og:url\" content=\"https:\/\/lafabricadeltint.media\/es\/accesibilidad\/\" \/>\n<meta property=\"og:site_name\" content=\"La F\u00e1brica Del Tint\" \/>\n<meta property=\"article:publisher\" content=\"https:\/\/facebook.com\/lafabricadeltint\" \/>\n<meta property=\"article:modified_time\" content=\"2026-03-31T20:54:24+00:00\" \/>\n<meta name=\"twitter:card\" content=\"summary_large_image\" \/>\n<meta name=\"twitter:site\" content=\"@fabricadeltint\" \/>\n<meta name=\"twitter:label1\" content=\"Tiempo de lectura\" \/>\n\t<meta name=\"twitter:data1\" content=\"2 minutos\" \/>\n<script type=\"application\/ld+json\" class=\"yoast-schema-graph\">{\"@context\":\"https:\\\/\\\/schema.org\",\"@graph\":[{\"@type\":\"WebPage\",\"@id\":\"https:\\\/\\\/lafabricadeltint.media\\\/accesibilidad\\\/\",\"url\":\"https:\\\/\\\/lafabricadeltint.media\\\/accesibilidad\\\/\",\"name\":\"La F\u00e1brica Del Tint | Declaraci\u00f3 d'accessibilitat\",\"isPartOf\":{\"@id\":\"https:\\\/\\\/lafabricadeltint.media\\\/#website\"},\"datePublished\":\"2026-03-31T20:54:06+00:00\",\"dateModified\":\"2026-03-31T20:54:24+00:00\",\"breadcrumb\":{\"@id\":\"https:\\\/\\\/lafabricadeltint.media\\\/accesibilidad\\\/#breadcrumb\"},\"inLanguage\":\"es\",\"potentialAction\":[{\"@type\":\"ReadAction\",\"target\":[\"https:\\\/\\\/lafabricadeltint.media\\\/accesibilidad\\\/\"]}]},{\"@type\":\"BreadcrumbList\",\"@id\":\"https:\\\/\\\/lafabricadeltint.media\\\/accesibilidad\\\/#breadcrumb\",\"itemListElement\":[{\"@type\":\"ListItem\",\"position\":1,\"name\":\"Inici\",\"item\":\"https:\\\/\\\/lafabricadeltint.media\\\/\"},{\"@type\":\"ListItem\",\"position\":2,\"name\":\"Declaraci\u00f3 d&#8217;accessibilitat\"}]},{\"@type\":\"WebSite\",\"@id\":\"https:\\\/\\\/lafabricadeltint.media\\\/#website\",\"url\":\"https:\\\/\\\/lafabricadeltint.media\\\/\",\"name\":\"La F\u00e1brica Del Tint\",\"description\":\"\",\"publisher\":{\"@id\":\"https:\\\/\\\/lafabricadeltint.media\\\/#organization\"},\"potentialAction\":[{\"@type\":\"SearchAction\",\"target\":{\"@type\":\"EntryPoint\",\"urlTemplate\":\"https:\\\/\\\/lafabricadeltint.media\\\/?s={search_term_string}\"},\"query-input\":{\"@type\":\"PropertyValueSpecification\",\"valueRequired\":true,\"valueName\":\"search_term_string\"}}],\"inLanguage\":\"es\"},{\"@type\":\"Organization\",\"@id\":\"https:\\\/\\\/lafabricadeltint.media\\\/#organization\",\"name\":\"La F\u00e1brica Del Tint\",\"url\":\"https:\\\/\\\/lafabricadeltint.media\\\/\",\"logo\":{\"@type\":\"ImageObject\",\"inLanguage\":\"es\",\"@id\":\"https:\\\/\\\/lafabricadeltint.media\\\/#\\\/schema\\\/logo\\\/image\\\/\",\"url\":\"https:\\\/\\\/lafabricadeltint.media\\\/wp-content\\\/uploads\\\/2026\\\/03\\\/LaFabricaDelTint.jpg\",\"contentUrl\":\"https:\\\/\\\/lafabricadeltint.media\\\/wp-content\\\/uploads\\\/2026\\\/03\\\/LaFabricaDelTint.jpg\",\"width\":1200,\"height\":1200,\"caption\":\"La F\u00e1brica Del Tint\"},\"image\":{\"@id\":\"https:\\\/\\\/lafabricadeltint.media\\\/#\\\/schema\\\/logo\\\/image\\\/\"},\"sameAs\":[\"https:\\\/\\\/facebook.com\\\/lafabricadeltint\",\"https:\\\/\\\/x.com\\\/fabricadeltint\",\"https:\\\/\\\/instagram.com\\\/lafabricadeltint\",\"https:\\\/\\\/www.youtube.com\\\/@lafabricadeltint\",\"http:\\\/\\\/vimeo.com\\\/lafabricadeltint\"]}]}<\/script>\n<!-- \/ Yoast SEO plugin. -->","yoast_head_json":{"title":"La F\u00e1brica Del Tint | Declaraci\u00f3 d'accessibilitat","robots":{"index":"index","follow":"follow","max-snippet":"max-snippet:-1","max-image-preview":"max-image-preview:large","max-video-preview":"max-video-preview:-1"},"canonical":"https:\/\/lafabricadeltint.media\/es\/accesibilidad\/","og_locale":"es_ES","og_type":"article","og_title":"La F\u00e1brica Del Tint | Declaraci\u00f3 d'accessibilitat","og_url":"https:\/\/lafabricadeltint.media\/es\/accesibilidad\/","og_site_name":"La F\u00e1brica Del Tint","article_publisher":"https:\/\/facebook.com\/lafabricadeltint","article_modified_time":"2026-03-31T20:54:24+00:00","twitter_card":"summary_large_image","twitter_site":"@fabricadeltint","twitter_misc":{"Tiempo de lectura":"2 minutos"},"schema":{"@context":"https:\/\/schema.org","@graph":[{"@type":"WebPage","@id":"https:\/\/lafabricadeltint.media\/accesibilidad\/","url":"https:\/\/lafabricadeltint.media\/accesibilidad\/","name":"La F\u00e1brica Del Tint | Declaraci\u00f3 d'accessibilitat","isPartOf":{"@id":"https:\/\/lafabricadeltint.media\/#website"},"datePublished":"2026-03-31T20:54:06+00:00","dateModified":"2026-03-31T20:54:24+00:00","breadcrumb":{"@id":"https:\/\/lafabricadeltint.media\/accesibilidad\/#breadcrumb"},"inLanguage":"es","potentialAction":[{"@type":"ReadAction","target":["https:\/\/lafabricadeltint.media\/accesibilidad\/"]}]},{"@type":"BreadcrumbList","@id":"https:\/\/lafabricadeltint.media\/accesibilidad\/#breadcrumb","itemListElement":[{"@type":"ListItem","position":1,"name":"Inici","item":"https:\/\/lafabricadeltint.media\/"},{"@type":"ListItem","position":2,"name":"Declaraci\u00f3 d&#8217;accessibilitat"}]},{"@type":"WebSite","@id":"https:\/\/lafabricadeltint.media\/#website","url":"https:\/\/lafabricadeltint.media\/","name":"La F\u00e1brica Del Tint","description":"","publisher":{"@id":"https:\/\/lafabricadeltint.media\/#organization"},"potentialAction":[{"@type":"SearchAction","target":{"@type":"EntryPoint","urlTemplate":"https:\/\/lafabricadeltint.media\/?s={search_term_string}"},"query-input":{"@type":"PropertyValueSpecification","valueRequired":true,"valueName":"search_term_string"}}],"inLanguage":"es"},{"@type":"Organization","@id":"https:\/\/lafabricadeltint.media\/#organization","name":"La F\u00e1brica Del Tint","url":"https:\/\/lafabricadeltint.media\/","logo":{"@type":"ImageObject","inLanguage":"es","@id":"https:\/\/lafabricadeltint.media\/#\/schema\/logo\/image\/","url":"https:\/\/lafabricadeltint.media\/wp-content\/uploads\/2026\/03\/LaFabricaDelTint.jpg","contentUrl":"https:\/\/lafabricadeltint.media\/wp-content\/uploads\/2026\/03\/LaFabricaDelTint.jpg","width":1200,"height":1200,"caption":"La F\u00e1brica Del Tint"},"image":{"@id":"https:\/\/lafabricadeltint.media\/#\/schema\/logo\/image\/"},"sameAs":["https:\/\/facebook.com\/lafabricadeltint","https:\/\/x.com\/fabricadeltint","https:\/\/instagram.com\/lafabricadeltint","https:\/\/www.youtube.com\/@lafabricadeltint","http:\/\/vimeo.com\/lafabricadeltint"]}]}},"_links":{"self":[{"href":"https:\/\/lafabricadeltint.media\/es\/wp-json\/wp\/v2\/pages\/78","targetHints":{"allow":["GET"]}}],"collection":[{"href":"https:\/\/lafabricadeltint.media\/es\/wp-json\/wp\/v2\/pages"}],"about":[{"href":"https:\/\/lafabricadeltint.media\/es\/wp-json\/wp\/v2\/types\/page"}],"author":[{"embeddable":true,"href":"https:\/\/lafabricadeltint.media\/es\/wp-json\/wp\/v2\/users\/1"}],"replies":[{"embeddable":true,"href":"https:\/\/lafabricadeltint.media\/es\/wp-json\/wp\/v2\/comments?post=78"}],"version-history":[{"count":1,"href":"https:\/\/lafabricadeltint.media\/es\/wp-json\/wp\/v2\/pages\/78\/revisions"}],"predecessor-version":[{"id":79,"href":"https:\/\/lafabricadeltint.media\/es\/wp-json\/wp\/v2\/pages\/78\/revisions\/79"}],"wp:attachment":[{"href":"https:\/\/lafabricadeltint.media\/es\/wp-json\/wp\/v2\/media?parent=78"}],"curies":[{"name":"wp","href":"https:\/\/api.w.org\/{rel}","templated":true}]}}