{"id":59,"date":"2026-03-31T22:28:17","date_gmt":"2026-03-31T20:28:17","guid":{"rendered":"https:\/\/lafabricadeltint.media\/?page_id=59"},"modified":"2026-03-31T22:31:44","modified_gmt":"2026-03-31T20:31:44","slug":"contacte","status":"publish","type":"page","link":"https:\/\/lafabricadeltint.media\/es\/contacte\/","title":{"rendered":"Contacto"},"content":{"rendered":"<section class=\"l-section wpb_row us_custom_a778ef7c us_animate_this height_huge with_video\"><div id=\"us_bg_video_wfe3\" class=\"l-section-video\"><script id=\"us_bg_video_wfe3-script\">!function(w){var node = document.getElementById( 'us_bg_video_wfe3' );if ( w.innerWidth <= 100 ) { node.remove() }}(window);<\/script><style>@media(max-width:100px){#us_bg_video_wfe3{display:none!important}}<\/style><video  autoplay loop muted playsinline preload=\"auto\"><source type=\"video\/mp4\" src=\"https:\/\/cdn.pixabay.com\/video\/2025\/03\/14\/264855_large.mp4\" \/><\/video><\/div><div class=\"l-section-overlay\" style=\"background:rgba(0,0,0,0.4)\"><\/div><div class=\"l-section-h i-cf\"><div class=\"g-cols vc_row via_flex valign_top type_default stacking_default\"><div class=\"vc_col-sm-12 wpb_column vc_column_container\"><div class=\"vc_column-inner\"><div class=\"wpb_wrapper\"><nav class=\"g-breadcrumbs us_custom_e9a98cce has_text_color us_animate_this separator_icon align_center\" itemscope itemtype=\"http:\/\/schema.org\/BreadcrumbList\"><div class=\"g-breadcrumbs-item\" itemscope itemprop=\"itemListElement\" itemtype=\"http:\/\/schema.org\/ListItem\"><a itemprop=\"item\" href=\"https:\/\/lafabricadeltint.media\/es\/\"><span itemprop=\"name\">Inicio<\/span><\/a><meta itemprop=\"position\" content=\"1\"\/><\/div><div class=\"g-breadcrumbs-separator\"><i class=\"far fa-angle-right\"><\/i><\/div><div class=\"g-breadcrumbs-item\">P\u00e1ginas<\/div><\/nav><div class=\"w-separator size_small\"><\/div><p class=\"w-post-elm post_title us_custom_da7694ac has_text_color us_animate_this align_center entry-title color_link_inherit\">Contacto<\/p><\/div><\/div><\/div><\/div><\/div><\/section><section class=\"l-section wpb_row height_large\"><div class=\"l-section-h i-cf\"><div class=\"g-cols vc_row via_flex valign_top type_default stacking_default\"><div class=\"vc_col-sm-12 wpb_column vc_column_container\"><div class=\"vc_column-inner\"><div class=\"wpb_wrapper\"><div class=\"g-cols wpb_row via_flex valign_top type_default stacking_default\"><div class=\"vc_col-sm-6 wpb_column vc_column_container\"><div class=\"vc_column-inner us_custom_8e784a87 us_animate_this\"><div class=\"wpb_wrapper\"><div class=\"w-separator size_small\"><\/div><div class=\"w-text us_custom_4e1dcf42 has_text_color\"><span class=\"w-text-h\"><span class=\"w-text-value\">{ Contacto }<\/span><\/span><\/div><div class=\"w-separator size_small\"><\/div><div class=\"wpb_text_column us_custom_f1879232 has_text_color\"><div class=\"wpb_wrapper\"><p>Hablamos claro<\/p>\n<\/div><\/div><div class=\"w-separator size_small\"><\/div><div class=\"wpb_text_column\"><div class=\"wpb_wrapper\"><p>Si tienes un proyecto o una idea, estamos preparados para escucharte y convertirla en algo real. Analizamos cada propuesta con criterio, planteamos soluciones viables y ejecutamos con precisi\u00f3n.<\/p>\n<p>Nos implicamos en todo el proceso: desde la definici\u00f3n inicial hasta la producci\u00f3n y su difusi\u00f3n. Si buscas un equipo que combine creatividad y capacidad t\u00e9cnica, est\u00e1s en el lugar adecuado.<\/p>\n<\/div><\/div><div class=\"w-separator size_medium\"><\/div><div class=\"w-vwrapper align_none valign_top\" style=\"--vwrapper-gap:1rem\"><div class=\"w-iconbox iconpos_left style_default color_primary align_none no_text\"><div class=\"w-iconbox-icon\" style=\"font-size:1rem;\"><i class=\"fas fa-map-marker-alt\"><\/i><\/div><div class=\"w-iconbox-meta\"><h4 class=\"w-iconbox-title\">Calle del Tint, 7 \u00b7 12300 Morella, Castell\u00f3n<\/h4><\/div><\/div><div class=\"w-iconbox iconpos_left style_default color_primary align_none no_text\"><div class=\"w-iconbox-icon\" style=\"font-size:1rem;\"><i class=\"fas fa-envelope\"><\/i><\/div><div class=\"w-iconbox-meta\"><h4 class=\"w-iconbox-title\">lafabricadeltint@gmail.com<\/h4><\/div><\/div><\/div><div class=\"w-separator size_medium\"><\/div><\/div><\/div><\/div><div class=\"vc_col-sm-6 wpb_column vc_column_container\"><div class=\"vc_column-inner us_custom_135e11d2 us_animate_this\"><div class=\"wpb_wrapper\"><div class=\"w-video us_custom_213e151c align_center ratio_1x1 has_border_radius\"><div class=\"w-video-h\"><video  preload=\"metadata\" playsinline autoplay loop muted><source type=\"video\/mp4\" src=\"https:\/\/cdn.coverr.co\/videos\/coverr-behind-the-scenes-of-an-interview-3806\/720p.mp4\" \/><\/video><\/div><\/div><\/div><\/div><\/div><\/div><\/div><\/div><\/div><\/div><\/div><\/section>","protected":false},"excerpt":{"rendered":"InicioP\u00e1ginasContacte{ Contacte }Parlem clar Si tens un projecte o una idea, estem preparats per escoltar-te i convertir-la en alguna cosa real. Analitzem cada proposta amb criteri, plantegem solucions viables i executem amb precisi\u00f3. Ens impliquem en tot el proc\u00e9s: des de la definici\u00f3 inicial fins a la producci\u00f3 i la seua difusi\u00f3. Si busques un...","protected":false},"author":1,"featured_media":44,"parent":0,"menu_order":0,"comment_status":"closed","ping_status":"closed","template":"","meta":{"footnotes":""},"class_list":["post-59","page","type-page","status-publish","has-post-thumbnail","hentry"],"yoast_head":"<!-- This site is optimized with the Yoast SEO plugin v27.3 - https:\/\/yoast.com\/product\/yoast-seo-wordpress\/ -->\n<title>La F\u00e1brica Del Tint | Contacte<\/title>\n<meta name=\"robots\" content=\"index, follow, max-snippet:-1, max-image-preview:large, max-video-preview:-1\" \/>\n<link rel=\"canonical\" href=\"https:\/\/lafabricadeltint.media\/es\/contacte\/\" \/>\n<meta property=\"og:locale\" content=\"es_ES\" \/>\n<meta property=\"og:type\" content=\"article\" \/>\n<meta property=\"og:title\" content=\"La F\u00e1brica Del Tint | Contacte\" \/>\n<meta property=\"og:url\" content=\"https:\/\/lafabricadeltint.media\/es\/contacte\/\" \/>\n<meta property=\"og:site_name\" content=\"La F\u00e1brica Del Tint\" \/>\n<meta property=\"article:publisher\" content=\"https:\/\/facebook.com\/lafabricadeltint\" \/>\n<meta property=\"article:modified_time\" content=\"2026-03-31T20:31:44+00:00\" \/>\n<meta property=\"og:image\" content=\"https:\/\/lafabricadeltint.media\/wp-content\/uploads\/2026\/03\/LaFabricaDelTint.jpg\" \/>\n\t<meta property=\"og:image:width\" content=\"1200\" \/>\n\t<meta property=\"og:image:height\" content=\"1200\" \/>\n\t<meta property=\"og:image:type\" content=\"image\/jpeg\" \/>\n<meta name=\"twitter:card\" content=\"summary_large_image\" \/>\n<meta name=\"twitter:site\" content=\"@fabricadeltint\" \/>\n<meta name=\"twitter:label1\" content=\"Tiempo de lectura\" \/>\n\t<meta name=\"twitter:data1\" content=\"3 minutos\" \/>\n<script type=\"application\/ld+json\" class=\"yoast-schema-graph\">{\"@context\":\"https:\\\/\\\/schema.org\",\"@graph\":[{\"@type\":\"WebPage\",\"@id\":\"https:\\\/\\\/lafabricadeltint.media\\\/contacte\\\/\",\"url\":\"https:\\\/\\\/lafabricadeltint.media\\\/contacte\\\/\",\"name\":\"La F\u00e1brica Del Tint | Contacte\",\"isPartOf\":{\"@id\":\"https:\\\/\\\/lafabricadeltint.media\\\/#website\"},\"primaryImageOfPage\":{\"@id\":\"https:\\\/\\\/lafabricadeltint.media\\\/contacte\\\/#primaryimage\"},\"image\":{\"@id\":\"https:\\\/\\\/lafabricadeltint.media\\\/contacte\\\/#primaryimage\"},\"thumbnailUrl\":\"https:\\\/\\\/lafabricadeltint.media\\\/wp-content\\\/uploads\\\/2026\\\/03\\\/LaFabricaDelTint.jpg\",\"datePublished\":\"2026-03-31T20:28:17+00:00\",\"dateModified\":\"2026-03-31T20:31:44+00:00\",\"breadcrumb\":{\"@id\":\"https:\\\/\\\/lafabricadeltint.media\\\/contacte\\\/#breadcrumb\"},\"inLanguage\":\"es\",\"potentialAction\":[{\"@type\":\"ReadAction\",\"target\":[\"https:\\\/\\\/lafabricadeltint.media\\\/contacte\\\/\"]}]},{\"@type\":\"ImageObject\",\"inLanguage\":\"es\",\"@id\":\"https:\\\/\\\/lafabricadeltint.media\\\/contacte\\\/#primaryimage\",\"url\":\"https:\\\/\\\/lafabricadeltint.media\\\/wp-content\\\/uploads\\\/2026\\\/03\\\/LaFabricaDelTint.jpg\",\"contentUrl\":\"https:\\\/\\\/lafabricadeltint.media\\\/wp-content\\\/uploads\\\/2026\\\/03\\\/LaFabricaDelTint.jpg\",\"width\":1200,\"height\":1200},{\"@type\":\"BreadcrumbList\",\"@id\":\"https:\\\/\\\/lafabricadeltint.media\\\/contacte\\\/#breadcrumb\",\"itemListElement\":[{\"@type\":\"ListItem\",\"position\":1,\"name\":\"Inici\",\"item\":\"https:\\\/\\\/lafabricadeltint.media\\\/\"},{\"@type\":\"ListItem\",\"position\":2,\"name\":\"Contacte\"}]},{\"@type\":\"WebSite\",\"@id\":\"https:\\\/\\\/lafabricadeltint.media\\\/#website\",\"url\":\"https:\\\/\\\/lafabricadeltint.media\\\/\",\"name\":\"La F\u00e1brica Del Tint\",\"description\":\"\",\"publisher\":{\"@id\":\"https:\\\/\\\/lafabricadeltint.media\\\/#organization\"},\"potentialAction\":[{\"@type\":\"SearchAction\",\"target\":{\"@type\":\"EntryPoint\",\"urlTemplate\":\"https:\\\/\\\/lafabricadeltint.media\\\/?s={search_term_string}\"},\"query-input\":{\"@type\":\"PropertyValueSpecification\",\"valueRequired\":true,\"valueName\":\"search_term_string\"}}],\"inLanguage\":\"es\"},{\"@type\":\"Organization\",\"@id\":\"https:\\\/\\\/lafabricadeltint.media\\\/#organization\",\"name\":\"La F\u00e1brica Del Tint\",\"url\":\"https:\\\/\\\/lafabricadeltint.media\\\/\",\"logo\":{\"@type\":\"ImageObject\",\"inLanguage\":\"es\",\"@id\":\"https:\\\/\\\/lafabricadeltint.media\\\/#\\\/schema\\\/logo\\\/image\\\/\",\"url\":\"https:\\\/\\\/lafabricadeltint.media\\\/wp-content\\\/uploads\\\/2026\\\/03\\\/LaFabricaDelTint.jpg\",\"contentUrl\":\"https:\\\/\\\/lafabricadeltint.media\\\/wp-content\\\/uploads\\\/2026\\\/03\\\/LaFabricaDelTint.jpg\",\"width\":1200,\"height\":1200,\"caption\":\"La F\u00e1brica Del Tint\"},\"image\":{\"@id\":\"https:\\\/\\\/lafabricadeltint.media\\\/#\\\/schema\\\/logo\\\/image\\\/\"},\"sameAs\":[\"https:\\\/\\\/facebook.com\\\/lafabricadeltint\",\"https:\\\/\\\/x.com\\\/fabricadeltint\",\"https:\\\/\\\/instagram.com\\\/lafabricadeltint\",\"https:\\\/\\\/www.youtube.com\\\/@lafabricadeltint\",\"http:\\\/\\\/vimeo.com\\\/lafabricadeltint\"]}]}<\/script>\n<!-- \/ Yoast SEO plugin. -->","yoast_head_json":{"title":"La F\u00e1brica Del Tint | Contacte","robots":{"index":"index","follow":"follow","max-snippet":"max-snippet:-1","max-image-preview":"max-image-preview:large","max-video-preview":"max-video-preview:-1"},"canonical":"https:\/\/lafabricadeltint.media\/es\/contacte\/","og_locale":"es_ES","og_type":"article","og_title":"La F\u00e1brica Del Tint | Contacte","og_url":"https:\/\/lafabricadeltint.media\/es\/contacte\/","og_site_name":"La F\u00e1brica Del Tint","article_publisher":"https:\/\/facebook.com\/lafabricadeltint","article_modified_time":"2026-03-31T20:31:44+00:00","og_image":[{"width":1200,"height":1200,"url":"https:\/\/lafabricadeltint.media\/wp-content\/uploads\/2026\/03\/LaFabricaDelTint.jpg","type":"image\/jpeg"}],"twitter_card":"summary_large_image","twitter_site":"@fabricadeltint","twitter_misc":{"Tiempo de lectura":"3 minutos"},"schema":{"@context":"https:\/\/schema.org","@graph":[{"@type":"WebPage","@id":"https:\/\/lafabricadeltint.media\/contacte\/","url":"https:\/\/lafabricadeltint.media\/contacte\/","name":"La F\u00e1brica Del Tint | Contacte","isPartOf":{"@id":"https:\/\/lafabricadeltint.media\/#website"},"primaryImageOfPage":{"@id":"https:\/\/lafabricadeltint.media\/contacte\/#primaryimage"},"image":{"@id":"https:\/\/lafabricadeltint.media\/contacte\/#primaryimage"},"thumbnailUrl":"https:\/\/lafabricadeltint.media\/wp-content\/uploads\/2026\/03\/LaFabricaDelTint.jpg","datePublished":"2026-03-31T20:28:17+00:00","dateModified":"2026-03-31T20:31:44+00:00","breadcrumb":{"@id":"https:\/\/lafabricadeltint.media\/contacte\/#breadcrumb"},"inLanguage":"es","potentialAction":[{"@type":"ReadAction","target":["https:\/\/lafabricadeltint.media\/contacte\/"]}]},{"@type":"ImageObject","inLanguage":"es","@id":"https:\/\/lafabricadeltint.media\/contacte\/#primaryimage","url":"https:\/\/lafabricadeltint.media\/wp-content\/uploads\/2026\/03\/LaFabricaDelTint.jpg","contentUrl":"https:\/\/lafabricadeltint.media\/wp-content\/uploads\/2026\/03\/LaFabricaDelTint.jpg","width":1200,"height":1200},{"@type":"BreadcrumbList","@id":"https:\/\/lafabricadeltint.media\/contacte\/#breadcrumb","itemListElement":[{"@type":"ListItem","position":1,"name":"Inici","item":"https:\/\/lafabricadeltint.media\/"},{"@type":"ListItem","position":2,"name":"Contacte"}]},{"@type":"WebSite","@id":"https:\/\/lafabricadeltint.media\/#website","url":"https:\/\/lafabricadeltint.media\/","name":"La F\u00e1brica Del Tint","description":"","publisher":{"@id":"https:\/\/lafabricadeltint.media\/#organization"},"potentialAction":[{"@type":"SearchAction","target":{"@type":"EntryPoint","urlTemplate":"https:\/\/lafabricadeltint.media\/?s={search_term_string}"},"query-input":{"@type":"PropertyValueSpecification","valueRequired":true,"valueName":"search_term_string"}}],"inLanguage":"es"},{"@type":"Organization","@id":"https:\/\/lafabricadeltint.media\/#organization","name":"La F\u00e1brica Del Tint","url":"https:\/\/lafabricadeltint.media\/","logo":{"@type":"ImageObject","inLanguage":"es","@id":"https:\/\/lafabricadeltint.media\/#\/schema\/logo\/image\/","url":"https:\/\/lafabricadeltint.media\/wp-content\/uploads\/2026\/03\/LaFabricaDelTint.jpg","contentUrl":"https:\/\/lafabricadeltint.media\/wp-content\/uploads\/2026\/03\/LaFabricaDelTint.jpg","width":1200,"height":1200,"caption":"La F\u00e1brica Del Tint"},"image":{"@id":"https:\/\/lafabricadeltint.media\/#\/schema\/logo\/image\/"},"sameAs":["https:\/\/facebook.com\/lafabricadeltint","https:\/\/x.com\/fabricadeltint","https:\/\/instagram.com\/lafabricadeltint","https:\/\/www.youtube.com\/@lafabricadeltint","http:\/\/vimeo.com\/lafabricadeltint"]}]}},"_links":{"self":[{"href":"https:\/\/lafabricadeltint.media\/es\/wp-json\/wp\/v2\/pages\/59","targetHints":{"allow":["GET"]}}],"collection":[{"href":"https:\/\/lafabricadeltint.media\/es\/wp-json\/wp\/v2\/pages"}],"about":[{"href":"https:\/\/lafabricadeltint.media\/es\/wp-json\/wp\/v2\/types\/page"}],"author":[{"embeddable":true,"href":"https:\/\/lafabricadeltint.media\/es\/wp-json\/wp\/v2\/users\/1"}],"replies":[{"embeddable":true,"href":"https:\/\/lafabricadeltint.media\/es\/wp-json\/wp\/v2\/comments?post=59"}],"version-history":[{"count":3,"href":"https:\/\/lafabricadeltint.media\/es\/wp-json\/wp\/v2\/pages\/59\/revisions"}],"predecessor-version":[{"id":63,"href":"https:\/\/lafabricadeltint.media\/es\/wp-json\/wp\/v2\/pages\/59\/revisions\/63"}],"wp:featuredmedia":[{"embeddable":true,"href":"https:\/\/lafabricadeltint.media\/es\/wp-json\/wp\/v2\/media\/44"}],"wp:attachment":[{"href":"https:\/\/lafabricadeltint.media\/es\/wp-json\/wp\/v2\/media?parent=59"}],"curies":[{"name":"wp","href":"https:\/\/api.w.org\/{rel}","templated":true}]}}