{"id":58,"date":"2026-03-31T22:28:29","date_gmt":"2026-03-31T20:28:29","guid":{"rendered":"https:\/\/lafabricadeltint.media\/?page_id=58"},"modified":"2026-03-31T22:32:28","modified_gmt":"2026-03-31T20:32:28","slug":"sobre-nosaltres","status":"publish","type":"page","link":"https:\/\/lafabricadeltint.media\/es\/sobre-nosaltres\/","title":{"rendered":"Sobre nosotros"},"content":{"rendered":"<section class=\"l-section wpb_row us_custom_a778ef7c us_animate_this height_huge with_video\"><div id=\"us_bg_video_w1a5\" class=\"l-section-video\"><script id=\"us_bg_video_w1a5-script\">!function(w){var node = document.getElementById( 'us_bg_video_w1a5' );if ( w.innerWidth <= 100 ) { node.remove() }}(window);<\/script><style>@media(max-width:100px){#us_bg_video_w1a5{display:none!important}}<\/style><video  autoplay loop muted playsinline preload=\"auto\"><source type=\"video\/mp4\" src=\"https:\/\/cdn.pixabay.com\/video\/2025\/03\/14\/264855_large.mp4\" \/><\/video><\/div><div class=\"l-section-overlay\" style=\"background:rgba(0,0,0,0.4)\"><\/div><div class=\"l-section-h i-cf\"><div class=\"g-cols vc_row via_flex valign_top type_default stacking_default\"><div class=\"vc_col-sm-12 wpb_column vc_column_container\"><div class=\"vc_column-inner\"><div class=\"wpb_wrapper\"><nav class=\"g-breadcrumbs us_custom_e9a98cce has_text_color us_animate_this separator_icon align_center\" itemscope itemtype=\"http:\/\/schema.org\/BreadcrumbList\"><div class=\"g-breadcrumbs-item\" itemscope itemprop=\"itemListElement\" itemtype=\"http:\/\/schema.org\/ListItem\"><a itemprop=\"item\" href=\"https:\/\/lafabricadeltint.media\/es\/\"><span itemprop=\"name\">Inicio<\/span><\/a><meta itemprop=\"position\" content=\"1\"\/><\/div><div class=\"g-breadcrumbs-separator\"><i class=\"far fa-angle-right\"><\/i><\/div><div class=\"g-breadcrumbs-item\">P\u00e1ginas<\/div><\/nav><div class=\"w-separator size_small\"><\/div><p class=\"w-post-elm post_title us_custom_da7694ac has_text_color us_animate_this align_center entry-title color_link_inherit\">Sobre nosotros<\/p><\/div><\/div><\/div><\/div><\/div><\/section><section class=\"l-section wpb_row height_large\"><div class=\"l-section-h i-cf\"><div class=\"g-cols vc_row via_flex valign_top type_default stacking_default\"><div class=\"vc_col-sm-12 wpb_column vc_column_container\"><div class=\"vc_column-inner\"><div class=\"wpb_wrapper\"><div class=\"g-cols wpb_row via_flex valign_top type_default stacking_default\"><div class=\"vc_col-sm-6 wpb_column vc_column_container\"><div class=\"vc_column-inner us_custom_8e784a87 us_animate_this type_sticky\"><div class=\"wpb_wrapper\"><div class=\"w-image us_custom_213e151c align_center\"><div class=\"w-image-h\"><img decoding=\"async\" width=\"433\" height=\"650\" src=\"https:\/\/lafabricadeltint.media\/wp-content\/uploads\/2026\/03\/sobres.webp\" class=\"attachment-full size-full\" alt=\"\" loading=\"lazy\" srcset=\"https:\/\/lafabricadeltint.media\/wp-content\/uploads\/2026\/03\/sobres.webp 433w, https:\/\/lafabricadeltint.media\/wp-content\/uploads\/2026\/03\/sobres-200x300.webp 200w\" sizes=\"auto, (max-width: 433px) 100vw, 433px\" \/><\/div><\/div><\/div><\/div><\/div><div class=\"vc_col-sm-6 wpb_column vc_column_container\"><div class=\"vc_column-inner us_custom_135e11d2 us_animate_this\"><div class=\"wpb_wrapper\"><div class=\"w-separator size_medium\"><\/div><div class=\"w-text us_custom_4e1dcf42 has_text_color\"><span class=\"w-text-h\"><span class=\"w-text-value\">{ Sobre nosotros }<\/span><\/span><\/div><div class=\"w-separator size_small\"><\/div><div class=\"wpb_text_column us_custom_f1879232 has_text_color\"><div class=\"wpb_wrapper\"><p>Contenido que genera impacto<\/p>\n<\/div><\/div><div class=\"w-separator size_small\"><\/div><div class=\"wpb_text_column\"><div class=\"wpb_wrapper\"><p>Somos una productora audiovisual centrada en la creaci\u00f3n, emisi\u00f3n y distribuci\u00f3n de contenidos. Desarrollamos proyectos que combinan capacidad t\u00e9cnica y visi\u00f3n creativa para llegar a audiencias reales a trav\u00e9s de diferentes canales.<\/p>\n<p>Entendemos cada proyecto como un sistema completo: desde la producci\u00f3n hasta su difusi\u00f3n, asegurando que cada pieza cumpla su funci\u00f3n con eficacia.<\/p>\n<\/div><\/div><div class=\"w-separator size_small\"><\/div><div class=\"w-btn-wrapper align_none\"><a class=\"w-btn us-btn-style_1\" href=\"https:\/\/lafabricadeltint.media\/es\/contacte\/\"><span class=\"w-btn-label\">Contacto<\/span><\/a><\/div><div class=\"w-separator size_medium\"><\/div><\/div><\/div><\/div><\/div><\/div><\/div><\/div><\/div><\/div><\/section>","protected":false},"excerpt":{"rendered":"InicioP\u00e1ginasSobre nosaltres{ Sobre nosaltres }Contingut que genera impacte Som una productora audiovisual centrada en la creaci\u00f3, emissi\u00f3 i distribuci\u00f3 de continguts. Desenvolupem projectes que combinen capacitat t\u00e8cnica i visi\u00f3 creativa per arribar a audi\u00e8ncies reals a trav\u00e9s de diferents canals. Entenem cada projecte com un sistema complet: des de la producci\u00f3 fins a la seua...","protected":false},"author":1,"featured_media":0,"parent":0,"menu_order":0,"comment_status":"closed","ping_status":"closed","template":"","meta":{"footnotes":""},"class_list":["post-58","page","type-page","status-publish","hentry"],"yoast_head":"<!-- This site is optimized with the Yoast SEO plugin v27.3 - https:\/\/yoast.com\/product\/yoast-seo-wordpress\/ -->\n<title>La F\u00e1brica Del Tint | Sobre nosaltres<\/title>\n<meta name=\"robots\" content=\"index, follow, max-snippet:-1, max-image-preview:large, max-video-preview:-1\" \/>\n<link rel=\"canonical\" href=\"https:\/\/lafabricadeltint.media\/es\/sobre-nosaltres\/\" \/>\n<meta property=\"og:locale\" content=\"es_ES\" \/>\n<meta property=\"og:type\" content=\"article\" \/>\n<meta property=\"og:title\" content=\"La F\u00e1brica Del Tint | Sobre nosaltres\" \/>\n<meta property=\"og:url\" content=\"https:\/\/lafabricadeltint.media\/es\/sobre-nosaltres\/\" \/>\n<meta property=\"og:site_name\" content=\"La F\u00e1brica Del Tint\" \/>\n<meta property=\"article:publisher\" content=\"https:\/\/facebook.com\/lafabricadeltint\" \/>\n<meta property=\"article:modified_time\" content=\"2026-03-31T20:32:28+00:00\" \/>\n<meta name=\"twitter:card\" content=\"summary_large_image\" \/>\n<meta name=\"twitter:site\" content=\"@fabricadeltint\" \/>\n<meta name=\"twitter:label1\" content=\"Tiempo de lectura\" \/>\n\t<meta name=\"twitter:data1\" content=\"2 minutos\" \/>\n<script type=\"application\/ld+json\" class=\"yoast-schema-graph\">{\"@context\":\"https:\\\/\\\/schema.org\",\"@graph\":[{\"@type\":\"WebPage\",\"@id\":\"https:\\\/\\\/lafabricadeltint.media\\\/sobre-nosaltres\\\/\",\"url\":\"https:\\\/\\\/lafabricadeltint.media\\\/sobre-nosaltres\\\/\",\"name\":\"La F\u00e1brica Del Tint | Sobre nosaltres\",\"isPartOf\":{\"@id\":\"https:\\\/\\\/lafabricadeltint.media\\\/#website\"},\"datePublished\":\"2026-03-31T20:28:29+00:00\",\"dateModified\":\"2026-03-31T20:32:28+00:00\",\"breadcrumb\":{\"@id\":\"https:\\\/\\\/lafabricadeltint.media\\\/sobre-nosaltres\\\/#breadcrumb\"},\"inLanguage\":\"es\",\"potentialAction\":[{\"@type\":\"ReadAction\",\"target\":[\"https:\\\/\\\/lafabricadeltint.media\\\/sobre-nosaltres\\\/\"]}]},{\"@type\":\"BreadcrumbList\",\"@id\":\"https:\\\/\\\/lafabricadeltint.media\\\/sobre-nosaltres\\\/#breadcrumb\",\"itemListElement\":[{\"@type\":\"ListItem\",\"position\":1,\"name\":\"Inici\",\"item\":\"https:\\\/\\\/lafabricadeltint.media\\\/\"},{\"@type\":\"ListItem\",\"position\":2,\"name\":\"Sobre nosaltres\"}]},{\"@type\":\"WebSite\",\"@id\":\"https:\\\/\\\/lafabricadeltint.media\\\/#website\",\"url\":\"https:\\\/\\\/lafabricadeltint.media\\\/\",\"name\":\"La F\u00e1brica Del Tint\",\"description\":\"\",\"publisher\":{\"@id\":\"https:\\\/\\\/lafabricadeltint.media\\\/#organization\"},\"potentialAction\":[{\"@type\":\"SearchAction\",\"target\":{\"@type\":\"EntryPoint\",\"urlTemplate\":\"https:\\\/\\\/lafabricadeltint.media\\\/?s={search_term_string}\"},\"query-input\":{\"@type\":\"PropertyValueSpecification\",\"valueRequired\":true,\"valueName\":\"search_term_string\"}}],\"inLanguage\":\"es\"},{\"@type\":\"Organization\",\"@id\":\"https:\\\/\\\/lafabricadeltint.media\\\/#organization\",\"name\":\"La F\u00e1brica Del Tint\",\"url\":\"https:\\\/\\\/lafabricadeltint.media\\\/\",\"logo\":{\"@type\":\"ImageObject\",\"inLanguage\":\"es\",\"@id\":\"https:\\\/\\\/lafabricadeltint.media\\\/#\\\/schema\\\/logo\\\/image\\\/\",\"url\":\"https:\\\/\\\/lafabricadeltint.media\\\/wp-content\\\/uploads\\\/2026\\\/03\\\/LaFabricaDelTint.jpg\",\"contentUrl\":\"https:\\\/\\\/lafabricadeltint.media\\\/wp-content\\\/uploads\\\/2026\\\/03\\\/LaFabricaDelTint.jpg\",\"width\":1200,\"height\":1200,\"caption\":\"La F\u00e1brica Del Tint\"},\"image\":{\"@id\":\"https:\\\/\\\/lafabricadeltint.media\\\/#\\\/schema\\\/logo\\\/image\\\/\"},\"sameAs\":[\"https:\\\/\\\/facebook.com\\\/lafabricadeltint\",\"https:\\\/\\\/x.com\\\/fabricadeltint\",\"https:\\\/\\\/instagram.com\\\/lafabricadeltint\",\"https:\\\/\\\/www.youtube.com\\\/@lafabricadeltint\",\"http:\\\/\\\/vimeo.com\\\/lafabricadeltint\"]}]}<\/script>\n<!-- \/ Yoast SEO plugin. -->","yoast_head_json":{"title":"La F\u00e1brica Del Tint | Sobre nosaltres","robots":{"index":"index","follow":"follow","max-snippet":"max-snippet:-1","max-image-preview":"max-image-preview:large","max-video-preview":"max-video-preview:-1"},"canonical":"https:\/\/lafabricadeltint.media\/es\/sobre-nosaltres\/","og_locale":"es_ES","og_type":"article","og_title":"La F\u00e1brica Del Tint | Sobre nosaltres","og_url":"https:\/\/lafabricadeltint.media\/es\/sobre-nosaltres\/","og_site_name":"La F\u00e1brica Del Tint","article_publisher":"https:\/\/facebook.com\/lafabricadeltint","article_modified_time":"2026-03-31T20:32:28+00:00","twitter_card":"summary_large_image","twitter_site":"@fabricadeltint","twitter_misc":{"Tiempo de lectura":"2 minutos"},"schema":{"@context":"https:\/\/schema.org","@graph":[{"@type":"WebPage","@id":"https:\/\/lafabricadeltint.media\/sobre-nosaltres\/","url":"https:\/\/lafabricadeltint.media\/sobre-nosaltres\/","name":"La F\u00e1brica Del Tint | Sobre nosaltres","isPartOf":{"@id":"https:\/\/lafabricadeltint.media\/#website"},"datePublished":"2026-03-31T20:28:29+00:00","dateModified":"2026-03-31T20:32:28+00:00","breadcrumb":{"@id":"https:\/\/lafabricadeltint.media\/sobre-nosaltres\/#breadcrumb"},"inLanguage":"es","potentialAction":[{"@type":"ReadAction","target":["https:\/\/lafabricadeltint.media\/sobre-nosaltres\/"]}]},{"@type":"BreadcrumbList","@id":"https:\/\/lafabricadeltint.media\/sobre-nosaltres\/#breadcrumb","itemListElement":[{"@type":"ListItem","position":1,"name":"Inici","item":"https:\/\/lafabricadeltint.media\/"},{"@type":"ListItem","position":2,"name":"Sobre nosaltres"}]},{"@type":"WebSite","@id":"https:\/\/lafabricadeltint.media\/#website","url":"https:\/\/lafabricadeltint.media\/","name":"La F\u00e1brica Del Tint","description":"","publisher":{"@id":"https:\/\/lafabricadeltint.media\/#organization"},"potentialAction":[{"@type":"SearchAction","target":{"@type":"EntryPoint","urlTemplate":"https:\/\/lafabricadeltint.media\/?s={search_term_string}"},"query-input":{"@type":"PropertyValueSpecification","valueRequired":true,"valueName":"search_term_string"}}],"inLanguage":"es"},{"@type":"Organization","@id":"https:\/\/lafabricadeltint.media\/#organization","name":"La F\u00e1brica Del Tint","url":"https:\/\/lafabricadeltint.media\/","logo":{"@type":"ImageObject","inLanguage":"es","@id":"https:\/\/lafabricadeltint.media\/#\/schema\/logo\/image\/","url":"https:\/\/lafabricadeltint.media\/wp-content\/uploads\/2026\/03\/LaFabricaDelTint.jpg","contentUrl":"https:\/\/lafabricadeltint.media\/wp-content\/uploads\/2026\/03\/LaFabricaDelTint.jpg","width":1200,"height":1200,"caption":"La F\u00e1brica Del Tint"},"image":{"@id":"https:\/\/lafabricadeltint.media\/#\/schema\/logo\/image\/"},"sameAs":["https:\/\/facebook.com\/lafabricadeltint","https:\/\/x.com\/fabricadeltint","https:\/\/instagram.com\/lafabricadeltint","https:\/\/www.youtube.com\/@lafabricadeltint","http:\/\/vimeo.com\/lafabricadeltint"]}]}},"_links":{"self":[{"href":"https:\/\/lafabricadeltint.media\/es\/wp-json\/wp\/v2\/pages\/58","targetHints":{"allow":["GET"]}}],"collection":[{"href":"https:\/\/lafabricadeltint.media\/es\/wp-json\/wp\/v2\/pages"}],"about":[{"href":"https:\/\/lafabricadeltint.media\/es\/wp-json\/wp\/v2\/types\/page"}],"author":[{"embeddable":true,"href":"https:\/\/lafabricadeltint.media\/es\/wp-json\/wp\/v2\/users\/1"}],"replies":[{"embeddable":true,"href":"https:\/\/lafabricadeltint.media\/es\/wp-json\/wp\/v2\/comments?post=58"}],"version-history":[{"count":3,"href":"https:\/\/lafabricadeltint.media\/es\/wp-json\/wp\/v2\/pages\/58\/revisions"}],"predecessor-version":[{"id":65,"href":"https:\/\/lafabricadeltint.media\/es\/wp-json\/wp\/v2\/pages\/58\/revisions\/65"}],"wp:attachment":[{"href":"https:\/\/lafabricadeltint.media\/es\/wp-json\/wp\/v2\/media?parent=58"}],"curies":[{"name":"wp","href":"https:\/\/api.w.org\/{rel}","templated":true}]}}